{"id":1332,"date":"2023-05-25T23:54:59","date_gmt":"2023-05-26T03:54:59","guid":{"rendered":"https:\/\/ingenieriaquimica.umsa.edu.bo\/?page_id=1332"},"modified":"2025-09-23T16:23:04","modified_gmt":"2025-09-23T20:23:04","slug":"mision-vision-3","status":"publish","type":"page","link":"https:\/\/ingenieriaquimica.umsa.edu.bo\/index.php\/mision-vision-3\/","title":{"rendered":"Misi\u00f3n &#8211; Visi\u00f3n *"},"content":{"rendered":"\t\t<div data-elementor-type=\"wp-page\" data-elementor-id=\"1332\" class=\"elementor elementor-1332\" data-elementor-post-type=\"page\">\n\t\t\t\t\t\t<section class=\"elementor-section elementor-top-section elementor-element elementor-element-90c9a71 elementor-section-boxed elementor-section-height-default elementor-section-height-default\" data-id=\"90c9a71\" data-element_type=\"section\" data-e-type=\"section\">\n\t\t\t\t\t\t<div class=\"elementor-container elementor-column-gap-default\">\n\t\t\t\t\t<div class=\"elementor-column elementor-col-100 elementor-top-column elementor-element elementor-element-001adc3\" data-id=\"001adc3\" data-element_type=\"column\" data-e-type=\"column\">\n\t\t\t<div class=\"elementor-widget-wrap elementor-element-populated\">\n\t\t\t\t\t\t\t<\/div>\n\t\t<\/div>\n\t\t\t\t\t<\/div>\n\t\t<\/section>\n\t\t\t\t<section class=\"elementor-section elementor-top-section elementor-element elementor-element-14070c9 elementor-section-full_width elementor-section-stretched elementor-section-height-default elementor-section-height-default\" data-id=\"14070c9\" data-element_type=\"section\" data-e-type=\"section\" data-settings=\"{&quot;stretch_section&quot;:&quot;section-stretched&quot;,&quot;background_background&quot;:&quot;classic&quot;}\">\n\t\t\t\t\t\t\t<div class=\"elementor-background-overlay\"><\/div>\n\t\t\t\t\t\t\t<div class=\"elementor-container elementor-column-gap-default\">\n\t\t\t\t\t<div class=\"elementor-column elementor-col-100 elementor-top-column elementor-element elementor-element-1bf5404\" data-id=\"1bf5404\" data-element_type=\"column\" data-e-type=\"column\">\n\t\t\t<div class=\"elementor-widget-wrap elementor-element-populated\">\n\t\t\t\t\t\t<div class=\"elementor-element elementor-element-3304367 elementor-widget elementor-widget-heading\" data-id=\"3304367\" data-element_type=\"widget\" data-e-type=\"widget\" data-widget_type=\"heading.default\">\n\t\t\t\t<div class=\"elementor-widget-container\">\n\t\t\t\t\t<h1 class=\"elementor-heading-title elementor-size-default\">Misi\u00f3n<\/h1>\t\t\t\t<\/div>\n\t\t\t\t<\/div>\n\t\t\t\t<div class=\"elementor-element elementor-element-b0dd133 elementor-widget__width-initial elementor-widget elementor-widget-text-editor\" data-id=\"b0dd133\" data-element_type=\"widget\" data-e-type=\"widget\" data-widget_type=\"text-editor.default\">\n\t\t\t\t<div class=\"elementor-widget-container\">\n\t\t\t\t\t\t\t\t\t<p>Promover y apoyar la generaci\u00f3n de conocimiento cient\u00edfico y tecnol\u00f3gico para responder a los desaf\u00edos y retos de los sectores demandantes en el \u00e1mbito de Ingenier\u00eda qu\u00edmica, petroqu\u00edmica, ambiental, y de alimentos, regionales y nacionales a trav\u00e9s de investigaci\u00f3n interdisciplinaria y multidisciplinaria, b\u00e1sica y aplicada, desarrollo tecnol\u00f3gico, innovaci\u00f3n, servicios t\u00e9cnicos y anal\u00edticos, brindando soluciones con calidad, r\u00e1pidas, eficientes y econ\u00f3micas en el marco del desarrollo sostenible.<\/p>\t\t\t\t\t\t\t\t<\/div>\n\t\t\t\t<\/div>\n\t\t\t\t<div class=\"elementor-element elementor-element-c69c288 elementor-widget elementor-widget-heading\" data-id=\"c69c288\" data-element_type=\"widget\" data-e-type=\"widget\" data-widget_type=\"heading.default\">\n\t\t\t\t<div class=\"elementor-widget-container\">\n\t\t\t\t\t<h2 class=\"elementor-heading-title elementor-size-default\"><h1 class=\"elementor-heading-title elementor-size-default elementor-inline-editing pen\" data-elementor-setting-key=\"title\" data-pen-placeholder=\"Teclea aqu\u00ed...\" style=\"font-style: normal;font-weight: var( --e-global-typography-primary-font-weight );font-family: var( --e-global-typography-primary-font-family ), Sans-serif;text-align: center\">Visi\u00f3n<\/h1><\/h2>\t\t\t\t<\/div>\n\t\t\t\t<\/div>\n\t\t\t\t<div class=\"elementor-element elementor-element-6bac123 elementor-widget__width-initial elementor-widget elementor-widget-text-editor\" data-id=\"6bac123\" data-element_type=\"widget\" data-e-type=\"widget\" data-widget_type=\"text-editor.default\">\n\t\t\t\t<div class=\"elementor-widget-container\">\n\t\t\t\t\t\t\t\t\t<p>Consolidar el liderazgo en el campo de la investigaci\u00f3n, transferencia tecnol\u00f3gica e innovaci\u00f3n, brindando capacitaci\u00f3n y servicios tecnol\u00f3gicos, comprometidos con el desarrollo industrial, ambiental y alimentario en beneficio de la sociedad y en el marco del desarrollo sostenible.<\/p>\t\t\t\t\t\t\t\t<\/div>\n\t\t\t\t<\/div>\n\t\t\t\t\t<\/div>\n\t\t<\/div>\n\t\t\t\t\t<\/div>\n\t\t<\/section>\n\t\t\t\t<\/div>\n\t\t","protected":false},"excerpt":{"rendered":"<p>Misi\u00f3n Promover y apoyar la generaci\u00f3n de conocimiento cient\u00edfico y tecnol\u00f3gico para responder a los desaf\u00edos y retos de los sectores demandantes en el \u00e1mbito de Ingenier\u00eda qu\u00edmica, petroqu\u00edmica, ambiental, y de alimentos, regionales y nacionales a trav\u00e9s de investigaci\u00f3n interdisciplinaria y multidisciplinaria, b\u00e1sica y aplicada, desarrollo tecnol\u00f3gico, innovaci\u00f3n, servicios t\u00e9cnicos y anal\u00edticos, brindando soluciones [&hellip;]<\/p>\n","protected":false},"author":2,"featured_media":0,"parent":0,"menu_order":0,"comment_status":"closed","ping_status":"closed","template":"","meta":{"site-sidebar-layout":"no-sidebar","site-content-layout":"page-builder","ast-site-content-layout":"default","site-content-style":"default","site-sidebar-style":"default","ast-global-header-display":"","ast-banner-title-visibility":"","ast-main-header-display":"","ast-hfb-above-header-display":"","ast-hfb-below-header-display":"","ast-hfb-mobile-header-display":"","site-post-title":"disabled","ast-breadcrumbs-content":"","ast-featured-img":"disabled","footer-sml-layout":"","theme-transparent-header-meta":"default","adv-header-id-meta":"","stick-header-meta":"","header-above-stick-meta":"","header-main-stick-meta":"","header-below-stick-meta":"","astra-migrate-meta-layouts":"default","ast-page-background-enabled":"default","ast-page-background-meta":{"desktop":{"background-color":"var(--ast-global-color-4)","background-image":"","background-repeat":"repeat","background-position":"center center","background-size":"auto","background-attachment":"scroll","background-type":"","background-media":"","overlay-type":"","overlay-color":"","overlay-opacity":"","overlay-gradient":""},"tablet":{"background-color":"","background-image":"","background-repeat":"repeat","background-position":"center center","background-size":"auto","background-attachment":"scroll","background-type":"","background-media":"","overlay-type":"","overlay-color":"","overlay-opacity":"","overlay-gradient":""},"mobile":{"background-color":"","background-image":"","background-repeat":"repeat","background-position":"center center","background-size":"auto","background-attachment":"scroll","background-type":"","background-media":"","overlay-type":"","overlay-color":"","overlay-opacity":"","overlay-gradient":""}},"ast-content-background-meta":{"desktop":{"background-color":"var(--ast-global-color-5)","background-image":"","background-repeat":"repeat","background-position":"center center","background-size":"auto","background-attachment":"scroll","background-type":"","background-media":"","overlay-type":"","overlay-color":"","overlay-opacity":"","overlay-gradient":""},"tablet":{"background-color":"var(--ast-global-color-5)","background-image":"","background-repeat":"repeat","background-position":"center center","background-size":"auto","background-attachment":"scroll","background-type":"","background-media":"","overlay-type":"","overlay-color":"","overlay-opacity":"","overlay-gradient":""},"mobile":{"background-color":"var(--ast-global-color-5)","background-image":"","background-repeat":"repeat","background-position":"center center","background-size":"auto","background-attachment":"scroll","background-type":"","background-media":"","overlay-type":"","overlay-color":"","overlay-opacity":"","overlay-gradient":""}},"footnotes":""},"class_list":["post-1332","page","type-page","status-publish","hentry"],"rttpg_featured_image_url":null,"rttpg_author":{"display_name":"Renzo Ortiz","author_link":"https:\/\/ingenieriaquimica.umsa.edu.bo\/index.php\/author\/rortiz\/"},"rttpg_comment":0,"rttpg_category":null,"rttpg_excerpt":"Misi\u00f3n Promover y apoyar la generaci\u00f3n de conocimiento cient\u00edfico y tecnol\u00f3gico para responder a los desaf\u00edos y retos de los sectores demandantes en el \u00e1mbito de Ingenier\u00eda qu\u00edmica, petroqu\u00edmica, ambiental, y de alimentos, regionales y nacionales a trav\u00e9s de investigaci\u00f3n interdisciplinaria y multidisciplinaria, b\u00e1sica y aplicada, desarrollo tecnol\u00f3gico, innovaci\u00f3n, servicios t\u00e9cnicos y anal\u00edticos, brindando soluciones&hellip;","_links":{"self":[{"href":"https:\/\/ingenieriaquimica.umsa.edu.bo\/index.php\/wp-json\/wp\/v2\/pages\/1332","targetHints":{"allow":["GET"]}}],"collection":[{"href":"https:\/\/ingenieriaquimica.umsa.edu.bo\/index.php\/wp-json\/wp\/v2\/pages"}],"about":[{"href":"https:\/\/ingenieriaquimica.umsa.edu.bo\/index.php\/wp-json\/wp\/v2\/types\/page"}],"author":[{"embeddable":true,"href":"https:\/\/ingenieriaquimica.umsa.edu.bo\/index.php\/wp-json\/wp\/v2\/users\/2"}],"replies":[{"embeddable":true,"href":"https:\/\/ingenieriaquimica.umsa.edu.bo\/index.php\/wp-json\/wp\/v2\/comments?post=1332"}],"version-history":[{"count":10,"href":"https:\/\/ingenieriaquimica.umsa.edu.bo\/index.php\/wp-json\/wp\/v2\/pages\/1332\/revisions"}],"predecessor-version":[{"id":1775,"href":"https:\/\/ingenieriaquimica.umsa.edu.bo\/index.php\/wp-json\/wp\/v2\/pages\/1332\/revisions\/1775"}],"wp:attachment":[{"href":"https:\/\/ingenieriaquimica.umsa.edu.bo\/index.php\/wp-json\/wp\/v2\/media?parent=1332"}],"curies":[{"name":"wp","href":"https:\/\/api.w.org\/{rel}","templated":true}]}}