{"id":1746,"date":"2025-09-23T15:53:27","date_gmt":"2025-09-23T19:53:27","guid":{"rendered":"https:\/\/ingenieriaquimica.umsa.edu.bo\/?page_id=1746"},"modified":"2025-09-23T16:02:43","modified_gmt":"2025-09-23T20:02:43","slug":"programasacademicos","status":"publish","type":"page","link":"https:\/\/ingenieriaquimica.umsa.edu.bo\/index.php\/programasacademicos\/","title":{"rendered":"ProgramasAcademicos"},"content":{"rendered":"\t\t<div data-elementor-type=\"wp-page\" data-elementor-id=\"1746\" class=\"elementor elementor-1746\" data-elementor-post-type=\"page\">\n\t\t\t\t<div class=\"elementor-element elementor-element-ea149db e-flex e-con-boxed e-con e-parent\" data-id=\"ea149db\" data-element_type=\"container\" data-e-type=\"container\">\n\t\t\t\t\t<div class=\"e-con-inner\">\n\t\t\t\t<div class=\"elementor-element elementor-element-1db6c78 elementor-widget elementor-widget-heading\" data-id=\"1db6c78\" data-element_type=\"widget\" data-e-type=\"widget\" data-widget_type=\"heading.default\">\n\t\t\t\t<div class=\"elementor-widget-container\">\n\t\t\t\t\t<h2 class=\"elementor-heading-title elementor-size-default\">Programas Acad\u00e9micos<\/h2>\t\t\t\t<\/div>\n\t\t\t\t<\/div>\n\t\t\t\t\t<\/div>\n\t\t\t\t<\/div>\n\t\t<div class=\"elementor-element elementor-element-d589f73 e-flex e-con-boxed e-con e-parent\" data-id=\"d589f73\" data-element_type=\"container\" data-e-type=\"container\">\n\t\t\t\t\t<div class=\"e-con-inner\">\n\t\t<div class=\"elementor-element elementor-element-00ffcd4 e-con-full e-flex e-con e-child\" data-id=\"00ffcd4\" data-element_type=\"container\" data-e-type=\"container\">\n\t\t\t\t<div class=\"elementor-element elementor-element-30f45e6 elementor-widget elementor-widget-heading\" data-id=\"30f45e6\" data-element_type=\"widget\" data-e-type=\"widget\" data-widget_type=\"heading.default\">\n\t\t\t\t<div class=\"elementor-widget-container\">\n\t\t\t\t\t<h2 class=\"elementor-heading-title elementor-size-default\">Programa Ingenier\u00eda Ambiental<\/h2>\t\t\t\t<\/div>\n\t\t\t\t<\/div>\n\t\t\t\t<div class=\"elementor-element elementor-element-de52448 elementor-widget elementor-widget-html\" data-id=\"de52448\" data-element_type=\"widget\" data-e-type=\"widget\" data-widget_type=\"html.default\">\n\t\t\t\t<div class=\"elementor-widget-container\">\n\t\t\t\t\t<div style=\"position: relative; width: 100%; height: 0; padding-top: 75.0000%;\r\n padding-bottom: 0; box-shadow: 0 2px 8px 0 rgba(63,69,81,0.16); margin-top: 1.6em; margin-bottom: 0.9em; overflow: hidden;\r\n border-radius: 8px; will-change: transform;\">\r\n  <iframe loading=\"lazy\" style=\"position: absolute; width: 100%; height: 100%; top: 0; left: 0; border: none; padding: 0;margin: 0;\"\r\n    src=\"https:&#x2F;&#x2F;www.canva.com&#x2F;design&#x2F;DAFkBWyH9Gc&#x2F;view?embed\" allowfullscreen=\"allowfullscreen\" allow=\"fullscreen\">\r\n  <\/iframe>\r\n<\/div>\r\n<a href=\"https:&#x2F;&#x2F;www.canva.com&#x2F;design&#x2F;DAFkBWyH9Gc&#x2F;view?utm_content=DAFkBWyH9Gc&amp;utm_campaign=designshare&amp;utm_medium=embeds&amp;utm_source=link\" target=\"_blank\" rel=\"noopener\">PLAN DE ESTUDIOS INGENIER\u00cdA AMBIENTAL- UMSA<\/a> de Facultad Ingenieria\t\t\t\t<\/div>\n\t\t\t\t<\/div>\n\t\t\t\t<\/div>\n\t\t<div class=\"elementor-element elementor-element-67be6d6 e-con-full e-flex e-con e-child\" data-id=\"67be6d6\" data-element_type=\"container\" data-e-type=\"container\">\n\t\t\t\t<div class=\"elementor-element elementor-element-89d7b9a elementor-widget elementor-widget-heading\" data-id=\"89d7b9a\" data-element_type=\"widget\" data-e-type=\"widget\" data-widget_type=\"heading.default\">\n\t\t\t\t<div class=\"elementor-widget-container\">\n\t\t\t\t\t<h2 class=\"elementor-heading-title elementor-size-default\">Programa Ingenier\u00eda de Alimentos<\/h2>\t\t\t\t<\/div>\n\t\t\t\t<\/div>\n\t\t\t\t<div class=\"elementor-element elementor-element-98e6829 elementor-widget elementor-widget-html\" data-id=\"98e6829\" data-element_type=\"widget\" data-e-type=\"widget\" data-widget_type=\"html.default\">\n\t\t\t\t<div class=\"elementor-widget-container\">\n\t\t\t\t\t<div style=\"position: relative; width: 100%; height: 0; padding-top: 75.0000%;\r\n padding-bottom: 0; box-shadow: 0 2px 8px 0 rgba(63,69,81,0.16); margin-top: 1.6em; margin-bottom: 0.9em; overflow: hidden;\r\n border-radius: 8px; will-change: transform;\">\r\n  <iframe loading=\"lazy\" style=\"position: absolute; width: 100%; height: 100%; top: 0; left: 0; border: none; padding: 0;margin: 0;\"\r\n    src=\"https:&#x2F;&#x2F;www.canva.com&#x2F;design&#x2F;DAFj-iM_8B0&#x2F;view?embed\" allowfullscreen=\"allowfullscreen\" allow=\"fullscreen\">\r\n  <\/iframe>\r\n<\/div>\r\n<a href=\"https:&#x2F;&#x2F;www.canva.com&#x2F;design&#x2F;DAFj-iM_8B0&#x2F;view?utm_content=DAFj-iM_8B0&amp;utm_campaign=designshare&amp;utm_medium=embeds&amp;utm_source=link\" target=\"_blank\" rel=\"noopener\">PLAN DE ESTUDIOS INGENIER\u00cdA ALIMENTOS - UMSA<\/a> de Facultad Ingenieria\t\t\t\t<\/div>\n\t\t\t\t<\/div>\n\t\t\t\t<\/div>\n\t\t\t\t\t<\/div>\n\t\t\t\t<\/div>\n\t\t<div class=\"elementor-element elementor-element-72d70cc e-flex e-con-boxed e-con e-parent\" data-id=\"72d70cc\" data-element_type=\"container\" data-e-type=\"container\">\n\t\t\t\t\t<div class=\"e-con-inner\">\n\t\t<div class=\"elementor-element elementor-element-a503efc e-con-full e-flex e-con e-child\" data-id=\"a503efc\" data-element_type=\"container\" data-e-type=\"container\">\n\t\t\t\t<div class=\"elementor-element elementor-element-683133b elementor-widget elementor-widget-heading\" data-id=\"683133b\" data-element_type=\"widget\" data-e-type=\"widget\" data-widget_type=\"heading.default\">\n\t\t\t\t<div class=\"elementor-widget-container\">\n\t\t\t\t\t<h2 class=\"elementor-heading-title elementor-size-default\">Programa Ingenier\u00eda Petroqu\u00edmica<\/h2>\t\t\t\t<\/div>\n\t\t\t\t<\/div>\n\t\t\t\t<div class=\"elementor-element elementor-element-c19be21 elementor-widget elementor-widget-html\" data-id=\"c19be21\" data-element_type=\"widget\" data-e-type=\"widget\" data-widget_type=\"html.default\">\n\t\t\t\t<div class=\"elementor-widget-container\">\n\t\t\t\t\t<div style=\"position: relative; width: 100%; height: 0; padding-top: 75.0000%;\r\n padding-bottom: 0; box-shadow: 0 2px 8px 0 rgba(63,69,81,0.16); margin-top: 1.6em; margin-bottom: 0.9em; overflow: hidden;\r\n border-radius: 8px; will-change: transform;\">\r\n  <iframe loading=\"lazy\" style=\"position: absolute; width: 100%; height: 100%; top: 0; left: 0; border: none; padding: 0;margin: 0;\"\r\n    src=\"https:&#x2F;&#x2F;www.canva.com&#x2F;design&#x2F;DAFj-6YnntM&#x2F;view?embed\" allowfullscreen=\"allowfullscreen\" allow=\"fullscreen\">\r\n  <\/iframe>\r\n<\/div>\r\n<a href=\"https:&#x2F;&#x2F;www.canva.com&#x2F;design&#x2F;DAFj-6YnntM&#x2F;view?utm_content=DAFj-6YnntM&amp;utm_campaign=designshare&amp;utm_medium=embeds&amp;utm_source=link\" target=\"_blank\" rel=\"noopener\">PLAN DE ESTUDIOS INGENIER\u00cdA PETROWU\u00cdMICA- UMSA<\/a> de Facultad Ingenieria\t\t\t\t<\/div>\n\t\t\t\t<\/div>\n\t\t\t\t<\/div>\n\t\t<div class=\"elementor-element elementor-element-4da435c e-con-full e-flex e-con e-child\" data-id=\"4da435c\" data-element_type=\"container\" data-e-type=\"container\">\n\t\t\t\t<div class=\"elementor-element elementor-element-b0a0087 elementor-widget elementor-widget-heading\" data-id=\"b0a0087\" data-element_type=\"widget\" data-e-type=\"widget\" data-widget_type=\"heading.default\">\n\t\t\t\t<div class=\"elementor-widget-container\">\n\t\t\t\t\t<h2 class=\"elementor-heading-title elementor-size-default\">Programa Ingenier\u00eda  Biotecnolog\u00eda y Bioprocesos <\/h2>\t\t\t\t<\/div>\n\t\t\t\t<\/div>\n\t\t\t\t<div class=\"elementor-element elementor-element-86f1acf elementor-widget elementor-widget-html\" data-id=\"86f1acf\" data-element_type=\"widget\" data-e-type=\"widget\" data-widget_type=\"html.default\">\n\t\t\t\t<div class=\"elementor-widget-container\">\n\t\t\t\t\t<div style=\"position: relative; width: 100%; height: 0; padding-top: 75.0000%;\r\n padding-bottom: 0; box-shadow: 0 2px 8px 0 rgba(63,69,81,0.16); margin-top: 1.6em; margin-bottom: 0.9em; overflow: hidden;\r\n border-radius: 8px; will-change: transform;\">\r\n  <iframe loading=\"lazy\" style=\"position: absolute; width: 100%; height: 100%; top: 0; left: 0; border: none; padding: 0;margin: 0;\"\r\n    src=\"https:&#x2F;&#x2F;www.canva.com&#x2F;design&#x2F;DAFj-IbH6kE&#x2F;view?embed\" allowfullscreen=\"allowfullscreen\" allow=\"fullscreen\">\r\n  <\/iframe>\r\n<\/div>\r\n<a href=\"https:&#x2F;&#x2F;www.canva.com&#x2F;design&#x2F;DAFj-IbH6kE&#x2F;view?utm_content=DAFj-IbH6kE&amp;utm_campaign=designshare&amp;utm_medium=embeds&amp;utm_source=link\" target=\"_blank\" rel=\"noopener\">PLAN DE ESTUDIOS INGENIER\u00cdA QU\u00cdMICA- UMSA<\/a> de Facultad Ingenieria\t\t\t\t<\/div>\n\t\t\t\t<\/div>\n\t\t\t\t<\/div>\n\t\t\t\t\t<\/div>\n\t\t\t\t<\/div>\n\t\t\t\t<\/div>\n\t\t","protected":false},"excerpt":{"rendered":"<p>Programas Acad\u00e9micos Programa Ingenier\u00eda Ambiental PLAN DE ESTUDIOS INGENIER\u00cdA AMBIENTAL- UMSA de Facultad Ingenieria Programa Ingenier\u00eda de Alimentos PLAN DE ESTUDIOS INGENIER\u00cdA ALIMENTOS &#8211; UMSA de Facultad Ingenieria Programa Ingenier\u00eda Petroqu\u00edmica PLAN DE ESTUDIOS INGENIER\u00cdA PETROWU\u00cdMICA- UMSA de Facultad Ingenieria Programa Ingenier\u00eda Biotecnolog\u00eda y Bioprocesos PLAN DE ESTUDIOS INGENIER\u00cdA QU\u00cdMICA- UMSA de Facultad Ingenieria<\/p>\n","protected":false},"author":2,"featured_media":0,"parent":0,"menu_order":0,"comment_status":"closed","ping_status":"closed","template":"","meta":{"site-sidebar-layout":"no-sidebar","site-content-layout":"page-builder","ast-site-content-layout":"full-width-container","site-content-style":"default","site-sidebar-style":"default","ast-global-header-display":"","ast-banner-title-visibility":"","ast-main-header-display":"","ast-hfb-above-header-display":"","ast-hfb-below-header-display":"","ast-hfb-mobile-header-display":"","site-post-title":"disabled","ast-breadcrumbs-content":"","ast-featured-img":"disabled","footer-sml-layout":"","theme-transparent-header-meta":"default","adv-header-id-meta":"","stick-header-meta":"","header-above-stick-meta":"","header-main-stick-meta":"","header-below-stick-meta":"","astra-migrate-meta-layouts":"set","ast-page-background-enabled":"default","ast-page-background-meta":{"desktop":{"background-color":"var(--ast-global-color-4)","background-image":"","background-repeat":"repeat","background-position":"center center","background-size":"auto","background-attachment":"scroll","background-type":"","background-media":"","overlay-type":"","overlay-color":"","overlay-opacity":"","overlay-gradient":""},"tablet":{"background-color":"","background-image":"","background-repeat":"repeat","background-position":"center center","background-size":"auto","background-attachment":"scroll","background-type":"","background-media":"","overlay-type":"","overlay-color":"","overlay-opacity":"","overlay-gradient":""},"mobile":{"background-color":"","background-image":"","background-repeat":"repeat","background-position":"center center","background-size":"auto","background-attachment":"scroll","background-type":"","background-media":"","overlay-type":"","overlay-color":"","overlay-opacity":"","overlay-gradient":""}},"ast-content-background-meta":{"desktop":{"background-color":"var(--ast-global-color-5)","background-image":"","background-repeat":"repeat","background-position":"center center","background-size":"auto","background-attachment":"scroll","background-type":"","background-media":"","overlay-type":"","overlay-color":"","overlay-opacity":"","overlay-gradient":""},"tablet":{"background-color":"var(--ast-global-color-5)","background-image":"","background-repeat":"repeat","background-position":"center center","background-size":"auto","background-attachment":"scroll","background-type":"","background-media":"","overlay-type":"","overlay-color":"","overlay-opacity":"","overlay-gradient":""},"mobile":{"background-color":"var(--ast-global-color-5)","background-image":"","background-repeat":"repeat","background-position":"center center","background-size":"auto","background-attachment":"scroll","background-type":"","background-media":"","overlay-type":"","overlay-color":"","overlay-opacity":"","overlay-gradient":""}},"footnotes":""},"class_list":["post-1746","page","type-page","status-publish","hentry"],"rttpg_featured_image_url":null,"rttpg_author":{"display_name":"Renzo Ortiz","author_link":"https:\/\/ingenieriaquimica.umsa.edu.bo\/index.php\/author\/rortiz\/"},"rttpg_comment":0,"rttpg_category":null,"rttpg_excerpt":"Programas Acad\u00e9micos Programa Ingenier\u00eda Ambiental PLAN DE ESTUDIOS INGENIER\u00cdA AMBIENTAL- UMSA de Facultad Ingenieria Programa Ingenier\u00eda de Alimentos PLAN DE ESTUDIOS INGENIER\u00cdA ALIMENTOS &#8211; UMSA de Facultad Ingenieria Programa Ingenier\u00eda Petroqu\u00edmica PLAN DE ESTUDIOS INGENIER\u00cdA PETROWU\u00cdMICA- UMSA de Facultad Ingenieria Programa Ingenier\u00eda Biotecnolog\u00eda y Bioprocesos PLAN DE ESTUDIOS INGENIER\u00cdA QU\u00cdMICA- UMSA de Facultad Ingenieria","_links":{"self":[{"href":"https:\/\/ingenieriaquimica.umsa.edu.bo\/index.php\/wp-json\/wp\/v2\/pages\/1746","targetHints":{"allow":["GET"]}}],"collection":[{"href":"https:\/\/ingenieriaquimica.umsa.edu.bo\/index.php\/wp-json\/wp\/v2\/pages"}],"about":[{"href":"https:\/\/ingenieriaquimica.umsa.edu.bo\/index.php\/wp-json\/wp\/v2\/types\/page"}],"author":[{"embeddable":true,"href":"https:\/\/ingenieriaquimica.umsa.edu.bo\/index.php\/wp-json\/wp\/v2\/users\/2"}],"replies":[{"embeddable":true,"href":"https:\/\/ingenieriaquimica.umsa.edu.bo\/index.php\/wp-json\/wp\/v2\/comments?post=1746"}],"version-history":[{"count":5,"href":"https:\/\/ingenieriaquimica.umsa.edu.bo\/index.php\/wp-json\/wp\/v2\/pages\/1746\/revisions"}],"predecessor-version":[{"id":1756,"href":"https:\/\/ingenieriaquimica.umsa.edu.bo\/index.php\/wp-json\/wp\/v2\/pages\/1746\/revisions\/1756"}],"wp:attachment":[{"href":"https:\/\/ingenieriaquimica.umsa.edu.bo\/index.php\/wp-json\/wp\/v2\/media?parent=1746"}],"curies":[{"name":"wp","href":"https:\/\/api.w.org\/{rel}","templated":true}]}}